{"id":49,"date":"2024-06-19T14:49:31","date_gmt":"2024-06-19T12:49:31","guid":{"rendered":"https:\/\/aupasducheval.fr\/?page_id=49"},"modified":"2025-09-11T15:10:15","modified_gmt":"2025-09-11T13:10:15","slug":"les-randonnees","status":"publish","type":"page","link":"https:\/\/aupasducheval.fr\/?page_id=49","title":{"rendered":"Les randonn\u00e9es"},"content":{"rendered":"\t\t<div data-elementor-type=\"wp-page\" data-elementor-id=\"49\" class=\"elementor elementor-49\">\n\t\t\t\t<div class=\"elementor-element elementor-element-e0329c6 e-flex e-con-boxed e-con e-parent\" data-id=\"e0329c6\" data-element_type=\"container\">\n\t\t\t\t\t<div class=\"e-con-inner\">\n\t\t\t\t<div class=\"elementor-element elementor-element-aea959e elementor-widget elementor-widget-heading\" data-id=\"aea959e\" data-element_type=\"widget\" data-widget_type=\"heading.default\">\n\t\t\t\t<div class=\"elementor-widget-container\">\n\t\t\t<style>\/*! elementor - v3.21.0 - 26-05-2024 *\/\n.elementor-heading-title{padding:0;margin:0;line-height:1}.elementor-widget-heading .elementor-heading-title[class*=elementor-size-]>a{color:inherit;font-size:inherit;line-height:inherit}.elementor-widget-heading .elementor-heading-title.elementor-size-small{font-size:15px}.elementor-widget-heading .elementor-heading-title.elementor-size-medium{font-size:19px}.elementor-widget-heading .elementor-heading-title.elementor-size-large{font-size:29px}.elementor-widget-heading .elementor-heading-title.elementor-size-xl{font-size:39px}.elementor-widget-heading .elementor-heading-title.elementor-size-xxl{font-size:59px}<\/style><h3 class=\"elementor-heading-title elementor-size-default\">Ce que nous proposons :<\/h3>\t\t<\/div>\n\t\t\t\t<\/div>\n\t\t\t\t\t<\/div>\n\t\t\t\t<\/div>\n\t\t<div class=\"elementor-element elementor-element-8b8d67d e-grid e-con-boxed e-con e-parent\" data-id=\"8b8d67d\" data-element_type=\"container\">\n\t\t\t\t\t<div class=\"e-con-inner\">\n\t\t\t\t<div class=\"elementor-element elementor-element-261844e elementor-widget elementor-widget-text-editor\" data-id=\"261844e\" data-element_type=\"widget\" data-widget_type=\"text-editor.default\">\n\t\t\t\t<div class=\"elementor-widget-container\">\n\t\t\t<style>\/*! elementor - v3.21.0 - 26-05-2024 *\/\n.elementor-widget-text-editor.elementor-drop-cap-view-stacked .elementor-drop-cap{background-color:#69727d;color:#fff}.elementor-widget-text-editor.elementor-drop-cap-view-framed .elementor-drop-cap{color:#69727d;border:3px solid;background-color:transparent}.elementor-widget-text-editor:not(.elementor-drop-cap-view-default) .elementor-drop-cap{margin-top:8px}.elementor-widget-text-editor:not(.elementor-drop-cap-view-default) .elementor-drop-cap-letter{width:1em;height:1em}.elementor-widget-text-editor .elementor-drop-cap{float:left;text-align:center;line-height:1;font-size:50px}.elementor-widget-text-editor .elementor-drop-cap-letter{display:inline-block}<\/style>\t\t\t\t<ul><li>Des\u00a0<strong>balades<\/strong>\u00a0d&rsquo;1h \u00e0 des\u00a0<strong>randonn\u00e9es<\/strong>\u00a0de plusieurs jours<\/li><li>Des<strong> promenades en main<\/strong> pour les tout-petits<\/li><li>Des cours\u00a0<strong>Baby-poney<\/strong>, \u00e0 partir de 3 ans<\/li><li>Des\u00a0<strong>stages de travail \u00e0 pied<\/strong>, m\u00e9thode \u00e9thologique, savoir 1 &amp;\u00a0 2<\/li><\/ul>\t\t\t\t\t\t<\/div>\n\t\t\t\t<\/div>\n\t\t\t\t<div class=\"elementor-element elementor-element-adb48da gallery-spacing-custom elementor-widget elementor-widget-image-gallery\" data-id=\"adb48da\" data-element_type=\"widget\" data-widget_type=\"image-gallery.default\">\n\t\t\t\t<div class=\"elementor-widget-container\">\n\t\t\t<style>\/*! elementor - v3.21.0 - 26-05-2024 *\/\n.elementor-image-gallery .gallery-item{display:inline-block;text-align:center;vertical-align:top;width:100%;max-width:100%;margin:0 auto}.elementor-image-gallery .gallery-item img{margin:0 auto}.elementor-image-gallery .gallery-item .gallery-caption{margin:0}.elementor-image-gallery figure img{display:block}.elementor-image-gallery figure figcaption{width:100%}.gallery-spacing-custom .elementor-image-gallery .gallery-icon{padding:0}@media (min-width:768px){.elementor-image-gallery .gallery-columns-2 .gallery-item{max-width:50%}.elementor-image-gallery .gallery-columns-3 .gallery-item{max-width:33.33%}.elementor-image-gallery .gallery-columns-4 .gallery-item{max-width:25%}.elementor-image-gallery .gallery-columns-5 .gallery-item{max-width:20%}.elementor-image-gallery .gallery-columns-6 .gallery-item{max-width:16.666%}.elementor-image-gallery .gallery-columns-7 .gallery-item{max-width:14.28%}.elementor-image-gallery .gallery-columns-8 .gallery-item{max-width:12.5%}.elementor-image-gallery .gallery-columns-9 .gallery-item{max-width:11.11%}.elementor-image-gallery .gallery-columns-10 .gallery-item{max-width:10%}}@media (min-width:480px) and (max-width:767px){.elementor-image-gallery .gallery.gallery-columns-2 .gallery-item,.elementor-image-gallery .gallery.gallery-columns-3 .gallery-item,.elementor-image-gallery .gallery.gallery-columns-4 .gallery-item,.elementor-image-gallery .gallery.gallery-columns-5 .gallery-item,.elementor-image-gallery .gallery.gallery-columns-6 .gallery-item,.elementor-image-gallery .gallery.gallery-columns-7 .gallery-item,.elementor-image-gallery .gallery.gallery-columns-8 .gallery-item,.elementor-image-gallery .gallery.gallery-columns-9 .gallery-item,.elementor-image-gallery .gallery.gallery-columns-10 .gallery-item{max-width:50%}}@media (max-width:479px){.elementor-image-gallery .gallery.gallery-columns-2 .gallery-item,.elementor-image-gallery .gallery.gallery-columns-3 .gallery-item,.elementor-image-gallery .gallery.gallery-columns-4 .gallery-item,.elementor-image-gallery .gallery.gallery-columns-5 .gallery-item,.elementor-image-gallery .gallery.gallery-columns-6 .gallery-item,.elementor-image-gallery .gallery.gallery-columns-7 .gallery-item,.elementor-image-gallery .gallery.gallery-columns-8 .gallery-item,.elementor-image-gallery .gallery.gallery-columns-9 .gallery-item,.elementor-image-gallery .gallery.gallery-columns-10 .gallery-item{max-width:100%}}<\/style>\t\t<div class=\"elementor-image-gallery\">\n\t\t\t<div id='gallery-1' class='gallery galleryid-49 gallery-columns-4 gallery-size-thumbnail'><figure class='gallery-item'>\n\t\t\t<div class='gallery-icon landscape'>\n\t\t\t\t<a data-elementor-open-lightbox=\"yes\" data-elementor-lightbox-slideshow=\"adb48da\" data-elementor-lightbox-title=\"3928bd81-7d1e-4ed3-9847-ef51c4921c5e\" data-e-action-hash=\"#elementor-action%3Aaction%3Dlightbox%26settings%3DeyJpZCI6MTAxLCJ1cmwiOiJodHRwczpcL1wvYXVwYXNkdWNoZXZhbC5mclwvd3AtY29udGVudFwvdXBsb2Fkc1wvMjAyNFwvMDZcLzM5MjhiZDgxLTdkMWUtNGVkMy05ODQ3LWVmNTFjNDkyMWM1ZS5qcGciLCJzbGlkZXNob3ciOiJhZGI0OGRhIn0%3D\" href='https:\/\/aupasducheval.fr\/wp-content\/uploads\/2024\/06\/3928bd81-7d1e-4ed3-9847-ef51c4921c5e.jpg'><img decoding=\"async\" width=\"150\" height=\"150\" src=\"https:\/\/aupasducheval.fr\/wp-content\/uploads\/2024\/06\/3928bd81-7d1e-4ed3-9847-ef51c4921c5e-150x150.jpg\" class=\"attachment-thumbnail size-thumbnail\" alt=\"\" \/><\/a>\n\t\t\t<\/div><\/figure><figure class='gallery-item'>\n\t\t\t<div class='gallery-icon landscape'>\n\t\t\t\t<a data-elementor-open-lightbox=\"yes\" data-elementor-lightbox-slideshow=\"adb48da\" data-elementor-lightbox-title=\"B1\" data-e-action-hash=\"#elementor-action%3Aaction%3Dlightbox%26settings%3DeyJpZCI6MTAwLCJ1cmwiOiJodHRwczpcL1wvYXVwYXNkdWNoZXZhbC5mclwvd3AtY29udGVudFwvdXBsb2Fkc1wvMjAyNFwvMDZcL0IxLmpwZyIsInNsaWRlc2hvdyI6ImFkYjQ4ZGEifQ%3D%3D\" href='https:\/\/aupasducheval.fr\/wp-content\/uploads\/2024\/06\/B1.jpg'><img decoding=\"async\" width=\"150\" height=\"150\" src=\"https:\/\/aupasducheval.fr\/wp-content\/uploads\/2024\/06\/B1-150x150.jpg\" class=\"attachment-thumbnail size-thumbnail\" alt=\"\" \/><\/a>\n\t\t\t<\/div><\/figure><figure class='gallery-item'>\n\t\t\t<div class='gallery-icon landscape'>\n\t\t\t\t<a data-elementor-open-lightbox=\"yes\" data-elementor-lightbox-slideshow=\"adb48da\" data-elementor-lightbox-title=\"B2\" data-e-action-hash=\"#elementor-action%3Aaction%3Dlightbox%26settings%3DeyJpZCI6OTksInVybCI6Imh0dHBzOlwvXC9hdXBhc2R1Y2hldmFsLmZyXC93cC1jb250ZW50XC91cGxvYWRzXC8yMDI0XC8wNlwvQjIuanBnIiwic2xpZGVzaG93IjoiYWRiNDhkYSJ9\" href='https:\/\/aupasducheval.fr\/wp-content\/uploads\/2024\/06\/B2.jpg'><img decoding=\"async\" width=\"150\" height=\"150\" src=\"https:\/\/aupasducheval.fr\/wp-content\/uploads\/2024\/06\/B2-150x150.jpg\" class=\"attachment-thumbnail size-thumbnail\" alt=\"\" \/><\/a>\n\t\t\t<\/div><\/figure><figure class='gallery-item'>\n\t\t\t<div class='gallery-icon landscape'>\n\t\t\t\t<a data-elementor-open-lightbox=\"yes\" data-elementor-lightbox-slideshow=\"adb48da\" data-elementor-lightbox-title=\"9A2755FE-58DA-46C5-9AD7-E004FCBA06D9\" data-e-action-hash=\"#elementor-action%3Aaction%3Dlightbox%26settings%3DeyJpZCI6MTAzLCJ1cmwiOiJodHRwczpcL1wvYXVwYXNkdWNoZXZhbC5mclwvd3AtY29udGVudFwvdXBsb2Fkc1wvMjAyNFwvMDZcLzlBMjc1NUZFLTU4REEtNDZDNS05QUQ3LUUwMDRGQ0JBMDZEOS5qcGciLCJzbGlkZXNob3ciOiJhZGI0OGRhIn0%3D\" href='https:\/\/aupasducheval.fr\/wp-content\/uploads\/2024\/06\/9A2755FE-58DA-46C5-9AD7-E004FCBA06D9.jpg'><img loading=\"lazy\" decoding=\"async\" width=\"150\" height=\"150\" src=\"https:\/\/aupasducheval.fr\/wp-content\/uploads\/2024\/06\/9A2755FE-58DA-46C5-9AD7-E004FCBA06D9-150x150.jpg\" class=\"attachment-thumbnail size-thumbnail\" alt=\"\" \/><\/a>\n\t\t\t<\/div><\/figure><figure class='gallery-item'>\n\t\t\t<div class='gallery-icon landscape'>\n\t\t\t\t<a data-elementor-open-lightbox=\"yes\" data-elementor-lightbox-slideshow=\"adb48da\" data-elementor-lightbox-title=\"1\" data-e-action-hash=\"#elementor-action%3Aaction%3Dlightbox%26settings%3DeyJpZCI6MTA0LCJ1cmwiOiJodHRwczpcL1wvYXVwYXNkdWNoZXZhbC5mclwvd3AtY29udGVudFwvdXBsb2Fkc1wvMjAyNFwvMDZcLzEuanBnIiwic2xpZGVzaG93IjoiYWRiNDhkYSJ9\" href='https:\/\/aupasducheval.fr\/wp-content\/uploads\/2024\/06\/1.jpg'><img loading=\"lazy\" decoding=\"async\" width=\"150\" height=\"150\" src=\"https:\/\/aupasducheval.fr\/wp-content\/uploads\/2024\/06\/1-150x150.jpg\" class=\"attachment-thumbnail size-thumbnail\" alt=\"\" \/><\/a>\n\t\t\t<\/div><\/figure><figure class='gallery-item'>\n\t\t\t<div class='gallery-icon landscape'>\n\t\t\t\t<a data-elementor-open-lightbox=\"yes\" data-elementor-lightbox-slideshow=\"adb48da\" data-elementor-lightbox-title=\"IMG_2883\" data-e-action-hash=\"#elementor-action%3Aaction%3Dlightbox%26settings%3DeyJpZCI6MTEwLCJ1cmwiOiJodHRwczpcL1wvYXVwYXNkdWNoZXZhbC5mclwvd3AtY29udGVudFwvdXBsb2Fkc1wvMjAyNFwvMDZcL0lNR18yODgzLXNjYWxlZC5qcGciLCJzbGlkZXNob3ciOiJhZGI0OGRhIn0%3D\" href='https:\/\/aupasducheval.fr\/wp-content\/uploads\/2024\/06\/IMG_2883-scaled.jpg'><img loading=\"lazy\" decoding=\"async\" width=\"150\" height=\"150\" src=\"https:\/\/aupasducheval.fr\/wp-content\/uploads\/2024\/06\/IMG_2883-150x150.jpg\" class=\"attachment-thumbnail size-thumbnail\" alt=\"\" \/><\/a>\n\t\t\t<\/div><\/figure><figure class='gallery-item'>\n\t\t\t<div class='gallery-icon landscape'>\n\t\t\t\t<a data-elementor-open-lightbox=\"yes\" data-elementor-lightbox-slideshow=\"adb48da\" data-elementor-lightbox-title=\"IMG_2876\" data-e-action-hash=\"#elementor-action%3Aaction%3Dlightbox%26settings%3DeyJpZCI6MTExLCJ1cmwiOiJodHRwczpcL1wvYXVwYXNkdWNoZXZhbC5mclwvd3AtY29udGVudFwvdXBsb2Fkc1wvMjAyNFwvMDZcL0lNR18yODc2LXNjYWxlZC5qcGciLCJzbGlkZXNob3ciOiJhZGI0OGRhIn0%3D\" href='https:\/\/aupasducheval.fr\/wp-content\/uploads\/2024\/06\/IMG_2876-scaled.jpg'><img loading=\"lazy\" decoding=\"async\" width=\"150\" height=\"150\" src=\"https:\/\/aupasducheval.fr\/wp-content\/uploads\/2024\/06\/IMG_2876-150x150.jpg\" class=\"attachment-thumbnail size-thumbnail\" alt=\"\" \/><\/a>\n\t\t\t<\/div><\/figure><figure class='gallery-item'>\n\t\t\t<div class='gallery-icon landscape'>\n\t\t\t\t<a data-elementor-open-lightbox=\"yes\" data-elementor-lightbox-slideshow=\"adb48da\" data-elementor-lightbox-title=\"x6\" data-e-action-hash=\"#elementor-action%3Aaction%3Dlightbox%26settings%3DeyJpZCI6MTA3LCJ1cmwiOiJodHRwczpcL1wvYXVwYXNkdWNoZXZhbC5mclwvd3AtY29udGVudFwvdXBsb2Fkc1wvMjAyNFwvMDZcL3g2LmpwZyIsInNsaWRlc2hvdyI6ImFkYjQ4ZGEifQ%3D%3D\" href='https:\/\/aupasducheval.fr\/wp-content\/uploads\/2024\/06\/x6.jpg'><img loading=\"lazy\" decoding=\"async\" width=\"150\" height=\"150\" src=\"https:\/\/aupasducheval.fr\/wp-content\/uploads\/2024\/06\/x6-150x150.jpg\" class=\"attachment-thumbnail size-thumbnail\" alt=\"\" \/><\/a>\n\t\t\t<\/div><\/figure><figure class='gallery-item'>\n\t\t\t<div class='gallery-icon landscape'>\n\t\t\t\t<a data-elementor-open-lightbox=\"yes\" data-elementor-lightbox-slideshow=\"adb48da\" data-elementor-lightbox-title=\"x7\" data-e-action-hash=\"#elementor-action%3Aaction%3Dlightbox%26settings%3DeyJpZCI6MTA2LCJ1cmwiOiJodHRwczpcL1wvYXVwYXNkdWNoZXZhbC5mclwvd3AtY29udGVudFwvdXBsb2Fkc1wvMjAyNFwvMDZcL3g3LmpwZyIsInNsaWRlc2hvdyI6ImFkYjQ4ZGEifQ%3D%3D\" href='https:\/\/aupasducheval.fr\/wp-content\/uploads\/2024\/06\/x7.jpg'><img loading=\"lazy\" decoding=\"async\" width=\"150\" height=\"150\" src=\"https:\/\/aupasducheval.fr\/wp-content\/uploads\/2024\/06\/x7-150x150.jpg\" class=\"attachment-thumbnail size-thumbnail\" alt=\"\" \/><\/a>\n\t\t\t<\/div><\/figure><figure class='gallery-item'>\n\t\t\t<div class='gallery-icon portrait'>\n\t\t\t\t<a data-elementor-open-lightbox=\"yes\" data-elementor-lightbox-slideshow=\"adb48da\" data-elementor-lightbox-title=\"x3\" data-e-action-hash=\"#elementor-action%3Aaction%3Dlightbox%26settings%3DeyJpZCI6MTA4LCJ1cmwiOiJodHRwczpcL1wvYXVwYXNkdWNoZXZhbC5mclwvd3AtY29udGVudFwvdXBsb2Fkc1wvMjAyNFwvMDZcL3gzLmpwZyIsInNsaWRlc2hvdyI6ImFkYjQ4ZGEifQ%3D%3D\" href='https:\/\/aupasducheval.fr\/wp-content\/uploads\/2024\/06\/x3.jpg'><img loading=\"lazy\" decoding=\"async\" width=\"150\" height=\"150\" src=\"https:\/\/aupasducheval.fr\/wp-content\/uploads\/2024\/06\/x3-150x150.jpg\" class=\"attachment-thumbnail size-thumbnail\" alt=\"\" \/><\/a>\n\t\t\t<\/div><\/figure><figure class='gallery-item'>\n\t\t\t<div class='gallery-icon portrait'>\n\t\t\t\t<a data-elementor-open-lightbox=\"yes\" data-elementor-lightbox-slideshow=\"adb48da\" data-elementor-lightbox-title=\"x8\" data-e-action-hash=\"#elementor-action%3Aaction%3Dlightbox%26settings%3DeyJpZCI6MTA1LCJ1cmwiOiJodHRwczpcL1wvYXVwYXNkdWNoZXZhbC5mclwvd3AtY29udGVudFwvdXBsb2Fkc1wvMjAyNFwvMDZcL3g4LmpwZyIsInNsaWRlc2hvdyI6ImFkYjQ4ZGEifQ%3D%3D\" href='https:\/\/aupasducheval.fr\/wp-content\/uploads\/2024\/06\/x8.jpg'><img loading=\"lazy\" decoding=\"async\" width=\"150\" height=\"150\" src=\"https:\/\/aupasducheval.fr\/wp-content\/uploads\/2024\/06\/x8-150x150.jpg\" class=\"attachment-thumbnail size-thumbnail\" alt=\"\" \/><\/a>\n\t\t\t<\/div><\/figure><figure class='gallery-item'>\n\t\t\t<div class='gallery-icon landscape'>\n\t\t\t\t<a data-elementor-open-lightbox=\"yes\" data-elementor-lightbox-slideshow=\"adb48da\" data-elementor-lightbox-title=\"96a7fc94-35d0-4933-abc9-39ece015ea96\" data-e-action-hash=\"#elementor-action%3Aaction%3Dlightbox%26settings%3DeyJpZCI6MTAyLCJ1cmwiOiJodHRwczpcL1wvYXVwYXNkdWNoZXZhbC5mclwvd3AtY29udGVudFwvdXBsb2Fkc1wvMjAyNFwvMDZcLzk2YTdmYzk0LTM1ZDAtNDkzMy1hYmM5LTM5ZWNlMDE1ZWE5Ni5qcGciLCJzbGlkZXNob3ciOiJhZGI0OGRhIn0%3D\" href='https:\/\/aupasducheval.fr\/wp-content\/uploads\/2024\/06\/96a7fc94-35d0-4933-abc9-39ece015ea96.jpg'><img loading=\"lazy\" decoding=\"async\" width=\"150\" height=\"150\" src=\"https:\/\/aupasducheval.fr\/wp-content\/uploads\/2024\/06\/96a7fc94-35d0-4933-abc9-39ece015ea96-150x150.jpg\" class=\"attachment-thumbnail size-thumbnail\" alt=\"\" \/><\/a>\n\t\t\t<\/div><\/figure>\n\t\t<\/div>\n\t\t<\/div>\n\t\t\t\t<\/div>\n\t\t\t\t<\/div>\n\t\t\t\t\t<\/div>\n\t\t\t\t<\/div>\n\t\t<div class=\"elementor-element elementor-element-2848125 e-flex e-con-boxed e-con e-parent\" data-id=\"2848125\" data-element_type=\"container\">\n\t\t\t\t\t<div class=\"e-con-inner\">\n\t\t\t\t<div class=\"elementor-element elementor-element-6a68659 elementor-align-center elementor-widget elementor-widget-button\" data-id=\"6a68659\" data-element_type=\"widget\" data-widget_type=\"button.default\">\n\t\t\t\t<div class=\"elementor-widget-container\">\n\t\t\t\t\t<div class=\"elementor-button-wrapper\">\n\t\t\t<a class=\"elementor-button elementor-button-link elementor-size-sm\" href=\"https:\/\/aupasducheval.fr\/?page_id=78\">\n\t\t\t\t\t\t<span class=\"elementor-button-content-wrapper\">\n\t\t\t\t\t\t\t\t\t<span class=\"elementor-button-text\">Les tarifs<\/span>\n\t\t\t\t\t<\/span>\n\t\t\t\t\t<\/a>\n\t\t<\/div>\n\t\t\t\t<\/div>\n\t\t\t\t<\/div>\n\t\t\t\t\t<\/div>\n\t\t\t\t<\/div>\n\t\t<div class=\"elementor-element elementor-element-e64dbb8 e-grid e-con-boxed e-con e-parent\" data-id=\"e64dbb8\" data-element_type=\"container\">\n\t\t\t\t\t<div class=\"e-con-inner\">\n\t\t\t\t<div class=\"elementor-element elementor-element-d3ffc52 elementor-widget elementor-widget-google_maps\" data-id=\"d3ffc52\" data-element_type=\"widget\" data-widget_type=\"google_maps.default\">\n\t\t\t\t<div class=\"elementor-widget-container\">\n\t\t\t<style>\/*! elementor - v3.21.0 - 26-05-2024 *\/\n.elementor-widget-google_maps .elementor-widget-container{overflow:hidden}.elementor-widget-google_maps .elementor-custom-embed{line-height:0}.elementor-widget-google_maps iframe{height:300px}<\/style>\t\t<div class=\"elementor-custom-embed\">\n\t\t\t<iframe loading=\"lazy\"\n\t\t\t\t\tsrc=\"https:\/\/maps.google.com\/maps?q=Chemin%20de%20l%27Eygue%20Marse%2026170&#038;t=m&#038;z=12&#038;output=embed&#038;iwloc=near\"\n\t\t\t\t\ttitle=\"Chemin de l&#039;Eygue Marse 26170\"\n\t\t\t\t\taria-label=\"Chemin de l&#039;Eygue Marse 26170\"\n\t\t\t><\/iframe>\n\t\t<\/div>\n\t\t\t\t<\/div>\n\t\t\t\t<\/div>\n\t\t\t\t<div class=\"elementor-element elementor-element-8b37849 elementor-widget elementor-widget-text-editor\" data-id=\"8b37849\" data-element_type=\"widget\" data-widget_type=\"text-editor.default\">\n\t\t\t\t<div class=\"elementor-widget-container\">\n\t\t\t\t\t\t\t<h3>Ranch des deux Terres<\/h3><p>chemin de l&rsquo;Eygue-Marse,\u00a0<\/p><p>26170 Mollans-sur-Ouv\u00e8ze<\/p>\t\t\t\t\t\t<\/div>\n\t\t\t\t<\/div>\n\t\t\t\t\t<\/div>\n\t\t\t\t<\/div>\n\t\t\t\t<\/div>\n\t\t","protected":false},"excerpt":{"rendered":"<p>Ce que nous proposons : Des\u00a0balades\u00a0d&rsquo;1h \u00e0 des\u00a0randonn\u00e9es\u00a0de plusieurs jours Des promenades en main pour les tout-petits Des cours\u00a0Baby-poney, \u00e0 partir de 3 ans Des\u00a0stages de travail \u00e0 pied, m\u00e9thode \u00e9thologique, savoir 1 &amp;\u00a0 2 Les tarifs Ranch des deux Terres chemin de l&rsquo;Eygue-Marse,\u00a0 26170 Mollans-sur-Ouv\u00e8ze<\/p>\n","protected":false},"author":1,"featured_media":0,"parent":0,"menu_order":0,"comment_status":"closed","ping_status":"closed","template":"","meta":{"footnotes":""},"class_list":["post-49","page","type-page","status-publish","hentry"],"_links":{"self":[{"href":"https:\/\/aupasducheval.fr\/index.php?rest_route=\/wp\/v2\/pages\/49","targetHints":{"allow":["GET"]}}],"collection":[{"href":"https:\/\/aupasducheval.fr\/index.php?rest_route=\/wp\/v2\/pages"}],"about":[{"href":"https:\/\/aupasducheval.fr\/index.php?rest_route=\/wp\/v2\/types\/page"}],"author":[{"embeddable":true,"href":"https:\/\/aupasducheval.fr\/index.php?rest_route=\/wp\/v2\/users\/1"}],"replies":[{"embeddable":true,"href":"https:\/\/aupasducheval.fr\/index.php?rest_route=%2Fwp%2Fv2%2Fcomments&post=49"}],"version-history":[{"count":24,"href":"https:\/\/aupasducheval.fr\/index.php?rest_route=\/wp\/v2\/pages\/49\/revisions"}],"predecessor-version":[{"id":230,"href":"https:\/\/aupasducheval.fr\/index.php?rest_route=\/wp\/v2\/pages\/49\/revisions\/230"}],"wp:attachment":[{"href":"https:\/\/aupasducheval.fr\/index.php?rest_route=%2Fwp%2Fv2%2Fmedia&parent=49"}],"curies":[{"name":"wp","href":"https:\/\/api.w.org\/{rel}","templated":true}]}}